{"id":1102,"date":"2026-01-13T17:44:31","date_gmt":"2026-01-13T16:44:31","guid":{"rendered":"https:\/\/embayo.com\/?page_id=1102"},"modified":"2026-02-19T09:34:04","modified_gmt":"2026-02-19T08:34:04","slug":"proyectos","status":"publish","type":"page","link":"https:\/\/embayo.com\/en\/proyectos\/","title":{"rendered":"Projects"},"content":{"rendered":"<p>[et_pb_section fb_built=\u00bb1&#8243; custom_padding_last_edited=\u00bbon|tablet\u00bb admin_label=\u00bbCABECERA \u00bb _builder_version=\u00bb4.27.5&#8243; _module_preset=\u00bbdefault\u00bb background_color=\u00bbRGBA(255,255,255,0)\u00bb background_image=\u00bbhttps:\/\/embayo.com\/wp-content\/uploads\/2026\/01\/bayo-home-servicios.webp\u00bb height=\u00bb38vw\u00bb height_tablet=\u00bb387px\u00bb height_phone=\u00bb281px\u00bb height_last_edited=\u00bbon|tablet\u00bb custom_margin=\u00bb0px|0px|0px|0px|true|true\u00bb custom_padding=\u00bb|0px||0px|true|true\u00bb custom_padding_tablet=\u00bb25px||25px||true|true\u00bb custom_padding_phone=\u00bb0px||0px||true|true\u00bb hover_enabled=\u00bb0&#8243; da_disable_devices=\u00bboff|off|off\u00bb global_colors_info=\u00bb{}\u00bb sticky_enabled=\u00bb0&#8243; da_is_popup=\u00bboff\u00bb da_exit_intent=\u00bboff\u00bb da_has_close=\u00bbon\u00bb da_alt_close=\u00bboff\u00bb da_dark_close=\u00bboff\u00bb da_not_modal=\u00bbon\u00bb da_is_singular=\u00bboff\u00bb da_with_loader=\u00bboff\u00bb da_has_shadow=\u00bbon\u00bb][et_pb_row column_structure=\u00bb2_5,3_5&#8243; use_custom_gutter=\u00bbon\u00bb gutter_width=\u00bb1&#8243; make_equal=\u00bbon\u00bb _builder_version=\u00bb4.27.5&#8243; _module_preset=\u00bbdefault\u00bb width=\u00bb100%\u00bb max_width=\u00bb100%\u00bb custom_margin=\u00bb0px|0px|0px|0px|true|true\u00bb custom_padding=\u00bb0px|0px|0px|0px|true|true\u00bb hover_enabled=\u00bb0&#8243; global_colors_info=\u00bb{}\u00bb sticky_enabled=\u00bb0&#8243; module_alignment_last_edited=\u00bbon|phone\u00bb module_alignment_phone=\u00bbcenter\u00bb][et_pb_column type=\u00bb2_5&#8243; module_class=\u00bbdivi-alinear-vertical-ayudawp\u00bb disabled_on=\u00bbon|on|off\u00bb _builder_version=\u00bb4.27.5&#8243; _module_preset=\u00bbdefault\u00bb custom_padding=\u00bb||||true|false\u00bb custom_padding_tablet=\u00bb||||true|false\u00bb custom_padding_phone=\u00bb0px||0px||true|false\u00bb custom_padding_last_edited=\u00bbon|phone\u00bb hover_enabled=\u00bb0&#8243; global_colors_info=\u00bb{}\u00bb sticky_enabled=\u00bb0&#8243;][\/et_pb_column][et_pb_column type=\u00bb3_5&#8243; module_class=\u00bbdivi-alinear-vertical-ayudawp\u00bb disabled_on=\u00bboff|off|off\u00bb _builder_version=\u00bb4.27.5&#8243; _module_preset=\u00bbdefault\u00bb custom_padding_tablet=\u00bb\u00bb custom_padding_phone=\u00bb0px||0px||true|false\u00bb custom_padding_last_edited=\u00bbon|phone\u00bb hover_enabled=\u00bb0&#8243; global_colors_info=\u00bb{}\u00bb sticky_enabled=\u00bb0&#8243;][et_pb_text content_last_edited=\u00bboff|tablet\u00bb admin_label=\u00bbTITULO\u00bb module_class=\u00bbdivi-alinear-vertical-ayudawp\u00bb _builder_version=\u00bb4.27.5&#8243; _module_preset=\u00bbdefault\u00bb text_font=\u00bbCoda||||||||\u00bb text_font_size=\u00bb2.9vw\u00bb header_font=\u00bbemblema red ||||||||\u00bb header_text_align=\u00bbright\u00bb header_font_size=\u00bb8vw\u00bb header_4_font=\u00bbCoda||||||||\u00bb header_4_text_align=\u00bbright\u00bb header_4_font_size=\u00bb3vw\u00bb background_image=\u00bbhttps:\/\/embayo.com\/wp-content\/uploads\/2026\/01\/fer_cuadraditos_05-ancho-compl-caja.svg\u00bb background_size=\u00bbstretch\u00bb module_alignment=\u00bbright\u00bb height=\u00bb10em\u00bb custom_margin=\u00bb0px|0px|0px|0px|true|true\u00bb custom_padding=\u00bb0px|20px|0px|42px|true|false\u00bb custom_padding_tablet=\u00bb0px|20px|0px|42px|true|false\u00bb custom_padding_phone=\u00bb122px|0px|0px|0px|false|true\u00bb custom_padding_last_edited=\u00bbon|desktop\u00bb hover_enabled=\u00bb0&#8243; header_text_align_tablet=\u00bbcenter\u00bb header_text_align_phone=\u00bbcenter\u00bb header_text_align_last_edited=\u00bbon|tablet\u00bb header_font_size_tablet=\u00bb8vw\u00bb header_font_size_phone=\u00bb38px\u00bb header_font_size_last_edited=\u00bbon|desktop\u00bb header_4_text_align_tablet=\u00bbcenter\u00bb header_4_text_align_phone=\u00bbcenter\u00bb header_4_text_align_last_edited=\u00bbon|tablet\u00bb header_4_font_size_tablet=\u00bb\u00bb header_4_font_size_phone=\u00bb5vw\u00bb header_4_font_size_last_edited=\u00bbon|tablet\u00bb background_last_edited=\u00bbon|phone\u00bb background_enable_image_phone=\u00bboff\u00bb module_alignment_tablet=\u00bbcenter\u00bb module_alignment_phone=\u00bbcenter\u00bb module_alignment_last_edited=\u00bbon|desktop\u00bb custom_css_free_form=\u00bb||\u00bb text_text_shadow_style=\u00bbpreset2&#8243; header_text_shadow_style=\u00bbpreset2&#8243; global_colors_info=\u00bb{}\u00bb sticky_enabled=\u00bb0&#8243;]<\/p>\n<h1>PROYECTOS<\/h1>\n<p>[\/et_pb_text][\/et_pb_column][\/et_pb_row][\/et_pb_section][et_pb_section fb_built=\u00bb1&#8243; custom_padding_last_edited=\u00bbon|desktop\u00bb _builder_version=\u00bb4.27.5&#8243; _module_preset=\u00bbdefault\u00bb background_color=\u00bbRGBA(255,255,255,0)\u00bb background_image=\u00bbhttps:\/\/embayo.com\/wp-content\/uploads\/2026\/01\/BAYO_mapa_puntos_fer-colores.svg\u00bb parallax=\u00bbon\u00bb custom_margin_tablet=\u00bb\u00bb custom_margin_phone=\u00bb0px|0px|0px|0px|true|true\u00bb custom_margin_last_edited=\u00bbon|phone\u00bb custom_padding=\u00bb104px|0px|104px|0px|true|true\u00bb custom_padding_tablet=\u00bb35px|0px|35px|0px|true|true\u00bb custom_padding_phone=\u00bb0px|0px|0px|0px|true|true\u00bb da_disable_devices=\u00bboff|off|off\u00bb global_colors_info=\u00bb{}\u00bb da_is_popup=\u00bboff\u00bb da_exit_intent=\u00bboff\u00bb da_has_close=\u00bbon\u00bb da_alt_close=\u00bboff\u00bb da_dark_close=\u00bboff\u00bb da_not_modal=\u00bbon\u00bb da_is_singular=\u00bboff\u00bb da_with_loader=\u00bboff\u00bb da_has_shadow=\u00bbon\u00bb][et_pb_row custom_padding_last_edited=\u00bbon|phone\u00bb module_id=\u00bbcaja-color-rejilla\u00bb _builder_version=\u00bb4.27.5&#8243; _module_preset=\u00bbdefault\u00bb width=\u00bb92.8%\u00bb max_height_tablet=\u00bb\u00bb max_height_phone=\u00bb\u00bb max_height_last_edited=\u00bbon|phone\u00bb custom_margin_tablet=\u00bb\u00bb custom_margin_phone=\u00bb|0px||0px|false|true\u00bb custom_margin_last_edited=\u00bbon|phone\u00bb custom_padding_tablet=\u00bb\u00bb custom_padding_phone=\u00bb|0px||0px|false|true\u00bb module_alignment_tablet=\u00bb\u00bb module_alignment_phone=\u00bbcenter\u00bb module_alignment_last_edited=\u00bbon|phone\u00bb global_colors_info=\u00bb{}\u00bb][et_pb_column type=\u00bb4_4&#8243; _builder_version=\u00bb4.27.5&#8243; _module_preset=\u00bbdefault\u00bb custom_padding=\u00bb24px|24px|24px|24px|true|true\u00bb border_color_all=\u00bbRGBA(255,255,255,0)\u00bb box_shadow_style=\u00bbpreset1&#8243; global_colors_info=\u00bb{}\u00bb][et_pb_image src=\u00bbhttps:\/\/embayo.com\/wp-content\/uploads\/2026\/01\/Bayo_estructuras_mini4.svg\u00bb title_text=\u00bbBayo_estructuras_mini4&#8243; align=\u00bbcenter\u00bb _builder_version=\u00bb4.27.5&#8243; _module_preset=\u00bbdefault\u00bb width=\u00bb65%\u00bb width_tablet=\u00bb100%\u00bb width_phone=\u00bb100%\u00bb width_last_edited=\u00bbon|phone\u00bb min_height_tablet=\u00bb\u00bb min_height_phone=\u00bb74px\u00bb min_height_last_edited=\u00bbon|phone\u00bb custom_margin_tablet=\u00bb\u00bb custom_margin_phone=\u00bb0px||0px||true|false\u00bb custom_margin_last_edited=\u00bbon|phone\u00bb custom_padding=\u00bb39px|270px||270px|false|true\u00bb custom_padding_tablet=\u00bb39px|270px||270px|false|true\u00bb custom_padding_phone=\u00bb0px|99px|0px|99px|true|true\u00bb custom_padding_last_edited=\u00bbon|desktop\u00bb hover_enabled=\u00bb0&#8243; global_colors_info=\u00bb{}\u00bb sticky_enabled=\u00bb0&#8243;][\/et_pb_image][et_pb_text _builder_version=\u00bb4.27.5&#8243; _module_preset=\u00bbdefault\u00bb custom_padding=\u00bb|158px|23px|158px|false|true\u00bb custom_padding_tablet=\u00bb|0px||0px|false|true\u00bb custom_padding_phone=\u00bb|0px||0px|false|true\u00bb custom_padding_last_edited=\u00bbon|tablet\u00bb global_colors_info=\u00bb{}\u00bb]<\/p>\n<p>En la secci\u00f3n de Proyectos, mostramos nuestro trabajo en estructuras met\u00e1licas, desde el dise\u00f1o y fabricaci\u00f3n hasta el montaje final. Descubre c\u00f3mo Embayo aporta soluciones eficientes y de calidad a la industria y la construcci\u00f3n a trav\u00e9s de cada proyecto realizado.<\/p>\n<p>[\/et_pb_text][et_pb_blog fullwidth=\u00bboff\u00bb include_categories=\u00bb12&#8243; show_author=\u00bboff\u00bb show_date=\u00bboff\u00bb show_categories=\u00bboff\u00bb show_excerpt=\u00bboff\u00bb masonry_tile_background_color=\u00bbRGBA(255,255,255,0)\u00bb disabled_on=\u00bbon|off|off\u00bb module_id=\u00bbcaja-color-rejilla\u00bb _builder_version=\u00bb4.27.5&#8243; _module_preset=\u00bbdefault\u00bb background_color=\u00bbRGBA(255,255,255,0)\u00bb hover_enabled=\u00bb0&#8243; border_color_all=\u00bbRGBA(255,255,255,0)\u00bb border_color_all_image=\u00bbRGBA(255,255,255,0)\u00bb box_shadow_style_image=\u00bbpreset1&#8243; global_colors_info=\u00bb{}\u00bb sticky_enabled=\u00bb0&#8243;][\/et_pb_blog][et_pb_blog include_categories=\u00bb12&#8243; show_author=\u00bboff\u00bb show_date=\u00bboff\u00bb show_categories=\u00bboff\u00bb show_excerpt=\u00bboff\u00bb disabled_on=\u00bboff|on|on\u00bb module_id=\u00bbcaja-color-rejilla\u00bb _builder_version=\u00bb4.27.5&#8243; _module_preset=\u00bbdefault\u00bb background_color=\u00bbRGBA(255,255,255,0)\u00bb hover_enabled=\u00bb0&#8243; border_color_all=\u00bbRGBA(255,255,255,0)\u00bb border_color_all_image=\u00bbRGBA(255,255,255,0)\u00bb box_shadow_style_image=\u00bbpreset1&#8243; global_colors_info=\u00bb{}\u00bb sticky_enabled=\u00bb0&#8243;][\/et_pb_blog][\/et_pb_column][\/et_pb_row][\/et_pb_section]<\/p>\n","protected":false},"excerpt":{"rendered":"<p>En Estructuras Met\u00e1lcias BAYO estamos comprometidos con ofrecer soluciones integrales en estructuras met\u00e1licas, desde proyectos industriales de gran envergadura hasta desarrollos a medida.<br \/>\nSi deseas solicitar un presupuesto, coordinar una visita t\u00e9cnica o recibir informaci\u00f3n sobre nuestros servicios, ponte en contacto con nuestro equipo. Responderemos con la mayor rapidez y profesionalidad.<\/p>","protected":false},"author":2,"featured_media":0,"parent":0,"menu_order":0,"comment_status":"closed","ping_status":"closed","template":"","meta":{"_et_pb_use_builder":"on","_et_pb_old_content":"","_et_gb_content_width":"","footnotes":""},"folder":[],"class_list":["post-1102","page","type-page","status-publish","hentry"],"yoast_head":"<!-- This site is optimized with the Yoast SEO plugin v27.4 - https:\/\/yoast.com\/product\/yoast-seo-wordpress\/ -->\n<title>Proyectos - embayo.com<\/title>\n<meta name=\"description\" content=\"Descubre los proyectos de Embayo en estructuras met\u00e1licas: soluciones de dise\u00f1o, fabricaci\u00f3n y montaje para la industria y la construcci\u00f3n.\" \/>\n<meta name=\"robots\" content=\"index, follow, max-snippet:-1, max-image-preview:large, max-video-preview:-1\" \/>\n<link rel=\"canonical\" href=\"https:\/\/embayo.com\/en\/proyectos\/\" \/>\n<meta property=\"og:locale\" content=\"en_GB\" \/>\n<meta property=\"og:type\" content=\"article\" \/>\n<meta property=\"og:title\" content=\"Proyectos - embayo.com\" \/>\n<meta property=\"og:description\" content=\"Descubre los proyectos de Embayo en estructuras met\u00e1licas: soluciones de dise\u00f1o, fabricaci\u00f3n y montaje para la industria y la construcci\u00f3n.\" \/>\n<meta property=\"og:url\" content=\"https:\/\/embayo.com\/en\/proyectos\/\" \/>\n<meta property=\"og:site_name\" content=\"embayo.com\" \/>\n<meta property=\"article:publisher\" content=\"https:\/\/www.facebook.com\/BAYOestructuras\" \/>\n<meta property=\"article:modified_time\" content=\"2026-02-19T08:34:04+00:00\" \/>\n<meta name=\"twitter:card\" content=\"summary_large_image\" \/>\n<meta name=\"twitter:label1\" content=\"Estimated reading time\" \/>\n\t<meta name=\"twitter:data1\" content=\"2 minutes\" \/>\n<script type=\"application\/ld+json\" class=\"yoast-schema-graph\">{\"@context\":\"https:\\\/\\\/schema.org\",\"@graph\":[{\"@type\":\"WebPage\",\"@id\":\"https:\\\/\\\/embayo.com\\\/proyectos\\\/\",\"url\":\"https:\\\/\\\/embayo.com\\\/proyectos\\\/\",\"name\":\"Proyectos - embayo.com\",\"isPartOf\":{\"@id\":\"https:\\\/\\\/embayo.com\\\/#website\"},\"datePublished\":\"2026-01-13T16:44:31+00:00\",\"dateModified\":\"2026-02-19T08:34:04+00:00\",\"description\":\"Descubre los proyectos de Embayo en estructuras met\u00e1licas: soluciones de dise\u00f1o, fabricaci\u00f3n y montaje para la industria y la construcci\u00f3n.\",\"breadcrumb\":{\"@id\":\"https:\\\/\\\/embayo.com\\\/proyectos\\\/#breadcrumb\"},\"inLanguage\":\"en-GB\",\"potentialAction\":[{\"@type\":\"ReadAction\",\"target\":[\"https:\\\/\\\/embayo.com\\\/proyectos\\\/\"]}]},{\"@type\":\"BreadcrumbList\",\"@id\":\"https:\\\/\\\/embayo.com\\\/proyectos\\\/#breadcrumb\",\"itemListElement\":[{\"@type\":\"ListItem\",\"position\":1,\"name\":\"Portada\",\"item\":\"https:\\\/\\\/embayo.com\\\/\"},{\"@type\":\"ListItem\",\"position\":2,\"name\":\"Proyectos\"}]},{\"@type\":\"WebSite\",\"@id\":\"https:\\\/\\\/embayo.com\\\/#website\",\"url\":\"https:\\\/\\\/embayo.com\\\/\",\"name\":\"embayo.com\",\"description\":\"BAYO es fabricante y montador de estructuras met\u00e1licas industriales y comerciales en Espa\u00f1a, ofreciendo soluciones personalizadas y de alta calidad para sectores como alimentario y retail.\",\"publisher\":{\"@id\":\"https:\\\/\\\/embayo.com\\\/#organization\"},\"potentialAction\":[{\"@type\":\"SearchAction\",\"target\":{\"@type\":\"EntryPoint\",\"urlTemplate\":\"https:\\\/\\\/embayo.com\\\/?s={search_term_string}\"},\"query-input\":{\"@type\":\"PropertyValueSpecification\",\"valueRequired\":true,\"valueName\":\"search_term_string\"}}],\"inLanguage\":\"en-GB\"},{\"@type\":\"Organization\",\"@id\":\"https:\\\/\\\/embayo.com\\\/#organization\",\"name\":\"Estructuras Met\u00e1licas Bayo S.L.\",\"url\":\"https:\\\/\\\/embayo.com\\\/\",\"logo\":{\"@type\":\"ImageObject\",\"inLanguage\":\"en-GB\",\"@id\":\"https:\\\/\\\/embayo.com\\\/#\\\/schema\\\/logo\\\/image\\\/\",\"url\":\"https:\\\/\\\/embayo.com\\\/wp-content\\\/uploads\\\/2025\\\/11\\\/logo_bayo_2025_2.svg\",\"contentUrl\":\"https:\\\/\\\/embayo.com\\\/wp-content\\\/uploads\\\/2025\\\/11\\\/logo_bayo_2025_2.svg\",\"width\":229,\"height\":95,\"caption\":\"Estructuras Met\u00e1licas Bayo S.L.\"},\"image\":{\"@id\":\"https:\\\/\\\/embayo.com\\\/#\\\/schema\\\/logo\\\/image\\\/\"},\"sameAs\":[\"https:\\\/\\\/www.facebook.com\\\/BAYOestructuras\",\"https:\\\/\\\/www.linkedin.com\\\/company\\\/estructuras-metlicas-bayo-s-l\",\"https:\\\/\\\/www.instagram.com\\\/bayoestructurasmetalicas\"]}]}<\/script>\n<!-- \/ Yoast SEO plugin. -->","yoast_head_json":{"title":"Proyectos - embayo.com","description":"Descubre los proyectos de Embayo en estructuras met\u00e1licas: soluciones de dise\u00f1o, fabricaci\u00f3n y montaje para la industria y la construcci\u00f3n.","robots":{"index":"index","follow":"follow","max-snippet":"max-snippet:-1","max-image-preview":"max-image-preview:large","max-video-preview":"max-video-preview:-1"},"canonical":"https:\/\/embayo.com\/en\/proyectos\/","og_locale":"en_GB","og_type":"article","og_title":"Proyectos - embayo.com","og_description":"Descubre los proyectos de Embayo en estructuras met\u00e1licas: soluciones de dise\u00f1o, fabricaci\u00f3n y montaje para la industria y la construcci\u00f3n.","og_url":"https:\/\/embayo.com\/en\/proyectos\/","og_site_name":"embayo.com","article_publisher":"https:\/\/www.facebook.com\/BAYOestructuras","article_modified_time":"2026-02-19T08:34:04+00:00","twitter_card":"summary_large_image","twitter_misc":{"Estimated reading time":"2 minutes"},"schema":{"@context":"https:\/\/schema.org","@graph":[{"@type":"WebPage","@id":"https:\/\/embayo.com\/proyectos\/","url":"https:\/\/embayo.com\/proyectos\/","name":"Proyectos - embayo.com","isPartOf":{"@id":"https:\/\/embayo.com\/#website"},"datePublished":"2026-01-13T16:44:31+00:00","dateModified":"2026-02-19T08:34:04+00:00","description":"Descubre los proyectos de Embayo en estructuras met\u00e1licas: soluciones de dise\u00f1o, fabricaci\u00f3n y montaje para la industria y la construcci\u00f3n.","breadcrumb":{"@id":"https:\/\/embayo.com\/proyectos\/#breadcrumb"},"inLanguage":"en-GB","potentialAction":[{"@type":"ReadAction","target":["https:\/\/embayo.com\/proyectos\/"]}]},{"@type":"BreadcrumbList","@id":"https:\/\/embayo.com\/proyectos\/#breadcrumb","itemListElement":[{"@type":"ListItem","position":1,"name":"Portada","item":"https:\/\/embayo.com\/"},{"@type":"ListItem","position":2,"name":"Proyectos"}]},{"@type":"WebSite","@id":"https:\/\/embayo.com\/#website","url":"https:\/\/embayo.com\/","name":"embayo.com","description":"BAYO es fabricante y montador de estructuras met\u00e1licas industriales y comerciales en Espa\u00f1a, ofreciendo soluciones personalizadas y de alta calidad para sectores como alimentario y retail.","publisher":{"@id":"https:\/\/embayo.com\/#organization"},"potentialAction":[{"@type":"SearchAction","target":{"@type":"EntryPoint","urlTemplate":"https:\/\/embayo.com\/?s={search_term_string}"},"query-input":{"@type":"PropertyValueSpecification","valueRequired":true,"valueName":"search_term_string"}}],"inLanguage":"en-GB"},{"@type":"Organization","@id":"https:\/\/embayo.com\/#organization","name":"Estructuras Met\u00e1licas Bayo S.L.","url":"https:\/\/embayo.com\/","logo":{"@type":"ImageObject","inLanguage":"en-GB","@id":"https:\/\/embayo.com\/#\/schema\/logo\/image\/","url":"https:\/\/embayo.com\/wp-content\/uploads\/2025\/11\/logo_bayo_2025_2.svg","contentUrl":"https:\/\/embayo.com\/wp-content\/uploads\/2025\/11\/logo_bayo_2025_2.svg","width":229,"height":95,"caption":"Estructuras Met\u00e1licas Bayo S.L."},"image":{"@id":"https:\/\/embayo.com\/#\/schema\/logo\/image\/"},"sameAs":["https:\/\/www.facebook.com\/BAYOestructuras","https:\/\/www.linkedin.com\/company\/estructuras-metlicas-bayo-s-l","https:\/\/www.instagram.com\/bayoestructurasmetalicas"]}]}},"_links":{"self":[{"href":"https:\/\/embayo.com\/en\/wp-json\/wp\/v2\/pages\/1102","targetHints":{"allow":["GET"]}}],"collection":[{"href":"https:\/\/embayo.com\/en\/wp-json\/wp\/v2\/pages"}],"about":[{"href":"https:\/\/embayo.com\/en\/wp-json\/wp\/v2\/types\/page"}],"author":[{"embeddable":true,"href":"https:\/\/embayo.com\/en\/wp-json\/wp\/v2\/users\/2"}],"replies":[{"embeddable":true,"href":"https:\/\/embayo.com\/en\/wp-json\/wp\/v2\/comments?post=1102"}],"version-history":[{"count":28,"href":"https:\/\/embayo.com\/en\/wp-json\/wp\/v2\/pages\/1102\/revisions"}],"predecessor-version":[{"id":2217,"href":"https:\/\/embayo.com\/en\/wp-json\/wp\/v2\/pages\/1102\/revisions\/2217"}],"wp:attachment":[{"href":"https:\/\/embayo.com\/en\/wp-json\/wp\/v2\/media?parent=1102"}],"wp:term":[{"taxonomy":"folder","embeddable":true,"href":"https:\/\/embayo.com\/en\/wp-json\/wp\/v2\/folder?post=1102"}],"curies":[{"name":"wp","href":"https:\/\/api.w.org\/{rel}","templated":true}]}}