{"id":2112,"date":"2026-02-17T15:11:31","date_gmt":"2026-02-17T14:11:31","guid":{"rendered":"https:\/\/embayo.com\/?page_id=2112"},"modified":"2026-02-17T16:27:04","modified_gmt":"2026-02-17T15:27:04","slug":"politica-de-privacidad","status":"publish","type":"page","link":"https:\/\/embayo.com\/en\/politica-de-privacidad\/","title":{"rendered":"Pol\u00edtica de privacidad"},"content":{"rendered":"<p>[et_pb_section fb_built=\u00bb1&#8243; custom_padding_last_edited=\u00bbon|desktop\u00bb _builder_version=\u00bb4.27.5&#8243; _module_preset=\u00bbdefault\u00bb background_color=\u00bbRGBA(255,255,255,0)\u00bb background_image=\u00bbhttps:\/\/embayo.com\/wp-content\/uploads\/2025\/11\/BAYO_mapa_puntos_c.svg\u00bb parallax=\u00bbon\u00bb custom_margin_tablet=\u00bb\u00bb custom_margin_phone=\u00bb0px|0px|0px|0px|true|true\u00bb custom_margin_last_edited=\u00bbon|phone\u00bb custom_padding=\u00bb60px|0px|104px|0px|false|true\u00bb custom_padding_tablet=\u00bb5px|0px|5px|0px|true|true\u00bb custom_padding_phone=\u00bb0px|0px|0px|0px|true|true\u00bb da_disable_devices=\u00bboff|off|off\u00bb global_colors_info=\u00bb{}\u00bb da_is_popup=\u00bboff\u00bb da_exit_intent=\u00bboff\u00bb da_has_close=\u00bbon\u00bb da_alt_close=\u00bboff\u00bb da_dark_close=\u00bboff\u00bb da_not_modal=\u00bbon\u00bb da_is_singular=\u00bboff\u00bb da_with_loader=\u00bboff\u00bb da_has_shadow=\u00bbon\u00bb][et_pb_row admin_label=\u00bbPOLITICA\u00bb _builder_version=\u00bb4.27.5&#8243; _module_preset=\u00bbdefault\u00bb collapsed=\u00bbon\u00bb global_colors_info=\u00bb{}\u00bb][et_pb_column type=\u00bb4_4&#8243; _builder_version=\u00bb4.27.5&#8243; _module_preset=\u00bbdefault\u00bb global_colors_info=\u00bb{}\u00bb][et_pb_heading title=\u00bbPol\u00edtica de Privacidad\u00bb module_id=\u00bbpolitica_de_privacidad\u00bb module_class=\u00bbpolitica_de_privacidad\u00bb _builder_version=\u00bb4.27.5&#8243; _module_preset=\u00bbdefault\u00bb title_text_align=\u00bbcenter\u00bb title_text_color=\u00bb#EA5B0B\u00bb title_font_size=\u00bb40px\u00bb global_colors_info=\u00bb{}\u00bb][\/et_pb_heading][et_pb_image src=\u00bbhttps:\/\/embayo.com\/wp-content\/uploads\/2026\/01\/Bayo_estructuras_mini4.svg\u00bb title_text=\u00bbBayo_estructuras_mini4&#8243; _builder_version=\u00bb4.27.5&#8243; _module_preset=\u00bbdefault\u00bb width=\u00bb12%\u00bb width_tablet=\u00bb20%\u00bb width_phone=\u00bb105px\u00bb width_last_edited=\u00bbon|phone\u00bb module_alignment=\u00bbcenter\u00bb global_colors_info=\u00bb{}\u00bb][\/et_pb_image][\/et_pb_column][\/et_pb_row][et_pb_row custom_padding_last_edited=\u00bbon|phone\u00bb admin_label=\u00bbTEXTO\u00bb module_id=\u00bbcaja-color-rejilla\u00bb _builder_version=\u00bb4.27.5&#8243; _module_preset=\u00bbdefault\u00bb width=\u00bb92.8%\u00bb max_height_tablet=\u00bb\u00bb max_height_phone=\u00bb\u00bb max_height_last_edited=\u00bbon|phone\u00bb custom_margin_tablet=\u00bb\u00bb custom_margin_phone=\u00bb0px|0px||0px|false|true\u00bb custom_margin_last_edited=\u00bbon|phone\u00bb custom_padding_tablet=\u00bb\u00bb custom_padding_phone=\u00bb0px|0px||0px|false|true\u00bb module_alignment_tablet=\u00bb\u00bb module_alignment_phone=\u00bbcenter\u00bb module_alignment_last_edited=\u00bbon|phone\u00bb collapsed=\u00bbon\u00bb global_colors_info=\u00bb{}\u00bb][et_pb_column type=\u00bb4_4&#8243; _builder_version=\u00bb4.27.5&#8243; _module_preset=\u00bbdefault\u00bb custom_padding=\u00bb24px|24px|24px|24px|true|true\u00bb custom_padding_tablet=\u00bb24px|24px|24px|24px|true|true\u00bb custom_padding_phone=\u00bb0px|0px||0px|false|true\u00bb custom_padding_last_edited=\u00bbon|phone\u00bb border_color_all=\u00bbRGBA(255,255,255,0)\u00bb box_shadow_style=\u00bbpreset1&#8243; global_colors_info=\u00bb{}\u00bb][et_pb_text _builder_version=\u00bb4.27.5&#8243; _module_preset=\u00bbdefault\u00bb custom_padding=\u00bb70px|158px|70px|158px|true|true\u00bb custom_padding_tablet=\u00bb|0px||0px|false|true\u00bb custom_padding_phone=\u00bb|17px||17px|false|true\u00bb custom_padding_last_edited=\u00bbon|tablet\u00bb global_colors_info=\u00bb{}\u00bb]<\/p>\n<p><strong>ESTRUCTURAS METALICAS BAYO S.L.<\/strong> le informa que los datos de car\u00e1cter personal que pudieran proporcionarse, a trav\u00e9s del website, as\u00ed como los que pudiera facilitar en el futuro en el marco de su relaci\u00f3n jur\u00eddica con esta entidad, ser\u00e1n tratados de conformidad con el REGLAMENTO (UE) 2016\/679, Reglamento General de protecci\u00f3n de datos.<\/p>\n<p>El suministro de cualquier dato de car\u00e1cter personal a trav\u00e9s de los distintos formularios y direcciones de correo electr\u00f3nico de la presente p\u00e1gina web implica aceptar y consentir el tratamiento de los mismos en los t\u00e9rminos indicados en la presente Pol\u00edtica de privacidad.<\/p>\n<p><strong><\/strong><\/p>\n<h3><strong>Responsable del tratamiento de los datos personales<\/strong><strong><\/strong><\/h3>\n<p>ESTRUCTURAS METALICAS BAYO S.L. C.I.F. n\u00ba: B-50703669<\/p>\n<p>Domicilio: Pol. Ind. El Pradillo II C\/General Motors, 3 50690 Pedrola (Zaragoza).<\/p>\n<p>&nbsp;<\/p>\n<h3><strong>Finalidad del tratamiento<\/strong><\/h3>\n<p>En general, la recogida y tratamiento de sus datos personales tiene como finalidades las que a continuaci\u00f3n se relacionan:<\/p>\n<ul>\n<li>Prestar los servicios contratados por el interesado y mantener la relaci\u00f3n comercial.<\/li>\n<li>Poder contactar con el usuario<\/li>\n<li>Atender y gestionar adecuadamente las consultas, comentarios, incidencias o sugerencias remitidas por el usuario.<\/li>\n<li>Control inform\u00e1tico de la p\u00e1gina web.<\/li>\n<li>Recogida de curr\u00edculos.<\/li>\n<\/ul>\n<h3><strong>Legitimidad del tratamiento<\/strong><\/h3>\n<p>Las bases jur\u00eddicas que legitiman los tratamientos indicados son la ejecuci\u00f3n del contrato de los servicios contratados y el consentimiento del usuario.<\/p>\n<p>&nbsp;<\/p>\n<h3><strong>Destinatarios de los datos personales<\/strong><\/h3>\n<p>Sus datos no ser\u00e1n cedidos a terceros, sin su consentimiento, salvo que la ley lo permita. No se realiza transferencia internacional de datos.<\/p>\n<p>&nbsp;<\/p>\n<h3><strong>Procedencia de los datos<\/strong><\/h3>\n<p>Los datos de car\u00e1cter personal se recabar directamente del interesado a trav\u00e9s de la Web, a trav\u00e9s de las compa\u00f1\u00edas de seguros o el propio interesado cuando se trata de la prestaci\u00f3n del servicio desarrollado por ESTRUCTURAS METALICAS BAYO S.L.<\/p>\n<p>&nbsp;<\/p>\n<h3><strong>Conservaci\u00f3n de los datos<\/strong><\/h3>\n<p>Los datos personales proporcionados se conservar\u00e1n durante el tiempo necesario para cumplir con la finalidad para la que se recaban o en su defecto, hasta que el interesado no ejerza el derecho de supresi\u00f3n, oposici\u00f3n y\/o limitaci\u00f3n del tratamiento de los datos personales.<\/p>\n<p>&nbsp;<\/p>\n<h3><strong>Derechos de los interesados<\/strong><\/h3>\n<p>El interesado podr\u00e1 ejercer los derechos de acceso, rectificaci\u00f3n, supresi\u00f3n, oposici\u00f3n, portabilidad y limitaci\u00f3n, dirigi\u00e9ndose a ESTRUCTURAS METALICAS BAYO S.L. en la direcci\u00f3n o el email indicados anteriormente acreditando su identidad (DNI) y especificando el derecho que desea ejercer.<\/p>\n<p>Cualquier interesado, podr\u00e1 en cualquier momento posterior, en los t\u00e9rminos establecidos en la normativa sobre protecci\u00f3n de datos en cada momento vigente, retirar el consentimiento para el tratamiento de los datos personales.<\/p>\n<p>En caso de no haber obtenido satisfacci\u00f3n en el ejercicio de sus derechos, el interesado tendr\u00e1 derecho a formular una queja o reclamaci\u00f3n ante la Agencia Espa\u00f1ola de Protecci\u00f3n de Datos (www.agpd.es).<\/p>\n<p>[\/et_pb_text][\/et_pb_column][\/et_pb_row][\/et_pb_section]<\/p>\n","protected":false},"excerpt":{"rendered":"<p>Datos de la pol\u00edtica de calidad.<\/p>","protected":false},"author":2,"featured_media":0,"parent":0,"menu_order":0,"comment_status":"closed","ping_status":"closed","template":"","meta":{"_et_pb_use_builder":"on","_et_pb_old_content":"","_et_gb_content_width":"","footnotes":""},"folder":[],"class_list":["post-2112","page","type-page","status-publish","hentry"],"yoast_head":"<!-- This site is optimized with the Yoast SEO plugin v27.4 - https:\/\/yoast.com\/product\/yoast-seo-wordpress\/ -->\n<title>Pol\u00edtica de privacidad - embayo.com<\/title>\n<meta name=\"description\" content=\"\u00daltimas noticias, proyectos y novedades de Embayo en estructuras met\u00e1licas, fabricaci\u00f3n, montajes y sector industrial.\" \/>\n<meta name=\"robots\" content=\"index, follow, max-snippet:-1, max-image-preview:large, max-video-preview:-1\" \/>\n<link rel=\"canonical\" href=\"https:\/\/embayo.com\/en\/politica-de-privacidad\/\" \/>\n<meta property=\"og:locale\" content=\"en_GB\" \/>\n<meta property=\"og:type\" content=\"article\" \/>\n<meta property=\"og:title\" content=\"Pol\u00edtica de privacidad - embayo.com\" \/>\n<meta property=\"og:description\" content=\"\u00daltimas noticias, proyectos y novedades de Embayo en estructuras met\u00e1licas, fabricaci\u00f3n, montajes y sector industrial.\" \/>\n<meta property=\"og:url\" content=\"https:\/\/embayo.com\/en\/politica-de-privacidad\/\" \/>\n<meta property=\"og:site_name\" content=\"embayo.com\" \/>\n<meta property=\"article:publisher\" content=\"https:\/\/www.facebook.com\/BAYOestructuras\" \/>\n<meta property=\"article:modified_time\" content=\"2026-02-17T15:27:04+00:00\" \/>\n<meta name=\"twitter:card\" content=\"summary_large_image\" \/>\n<meta name=\"twitter:label1\" content=\"Estimated reading time\" \/>\n\t<meta name=\"twitter:data1\" content=\"2 minutes\" \/>\n<script type=\"application\/ld+json\" class=\"yoast-schema-graph\">{\"@context\":\"https:\\\/\\\/schema.org\",\"@graph\":[{\"@type\":\"WebPage\",\"@id\":\"https:\\\/\\\/embayo.com\\\/politica-de-privacidad\\\/\",\"url\":\"https:\\\/\\\/embayo.com\\\/politica-de-privacidad\\\/\",\"name\":\"Pol\u00edtica de privacidad - embayo.com\",\"isPartOf\":{\"@id\":\"https:\\\/\\\/embayo.com\\\/#website\"},\"datePublished\":\"2026-02-17T14:11:31+00:00\",\"dateModified\":\"2026-02-17T15:27:04+00:00\",\"description\":\"\u00daltimas noticias, proyectos y novedades de Embayo en estructuras met\u00e1licas, fabricaci\u00f3n, montajes y sector industrial.\",\"breadcrumb\":{\"@id\":\"https:\\\/\\\/embayo.com\\\/politica-de-privacidad\\\/#breadcrumb\"},\"inLanguage\":\"en-GB\",\"potentialAction\":[{\"@type\":\"ReadAction\",\"target\":[\"https:\\\/\\\/embayo.com\\\/politica-de-privacidad\\\/\"]}]},{\"@type\":\"BreadcrumbList\",\"@id\":\"https:\\\/\\\/embayo.com\\\/politica-de-privacidad\\\/#breadcrumb\",\"itemListElement\":[{\"@type\":\"ListItem\",\"position\":1,\"name\":\"Portada\",\"item\":\"https:\\\/\\\/embayo.com\\\/\"},{\"@type\":\"ListItem\",\"position\":2,\"name\":\"Pol\u00edtica de privacidad\"}]},{\"@type\":\"WebSite\",\"@id\":\"https:\\\/\\\/embayo.com\\\/#website\",\"url\":\"https:\\\/\\\/embayo.com\\\/\",\"name\":\"embayo.com\",\"description\":\"BAYO es fabricante y montador de estructuras met\u00e1licas industriales y comerciales en Espa\u00f1a, ofreciendo soluciones personalizadas y de alta calidad para sectores como alimentario y retail.\",\"publisher\":{\"@id\":\"https:\\\/\\\/embayo.com\\\/#organization\"},\"potentialAction\":[{\"@type\":\"SearchAction\",\"target\":{\"@type\":\"EntryPoint\",\"urlTemplate\":\"https:\\\/\\\/embayo.com\\\/?s={search_term_string}\"},\"query-input\":{\"@type\":\"PropertyValueSpecification\",\"valueRequired\":true,\"valueName\":\"search_term_string\"}}],\"inLanguage\":\"en-GB\"},{\"@type\":\"Organization\",\"@id\":\"https:\\\/\\\/embayo.com\\\/#organization\",\"name\":\"Estructuras Met\u00e1licas Bayo S.L.\",\"url\":\"https:\\\/\\\/embayo.com\\\/\",\"logo\":{\"@type\":\"ImageObject\",\"inLanguage\":\"en-GB\",\"@id\":\"https:\\\/\\\/embayo.com\\\/#\\\/schema\\\/logo\\\/image\\\/\",\"url\":\"https:\\\/\\\/embayo.com\\\/wp-content\\\/uploads\\\/2025\\\/11\\\/logo_bayo_2025_2.svg\",\"contentUrl\":\"https:\\\/\\\/embayo.com\\\/wp-content\\\/uploads\\\/2025\\\/11\\\/logo_bayo_2025_2.svg\",\"width\":229,\"height\":95,\"caption\":\"Estructuras Met\u00e1licas Bayo S.L.\"},\"image\":{\"@id\":\"https:\\\/\\\/embayo.com\\\/#\\\/schema\\\/logo\\\/image\\\/\"},\"sameAs\":[\"https:\\\/\\\/www.facebook.com\\\/BAYOestructuras\",\"https:\\\/\\\/www.linkedin.com\\\/company\\\/estructuras-metlicas-bayo-s-l\",\"https:\\\/\\\/www.instagram.com\\\/bayoestructurasmetalicas\"]}]}<\/script>\n<!-- \/ Yoast SEO plugin. -->","yoast_head_json":{"title":"Pol\u00edtica de privacidad - embayo.com","description":"\u00daltimas noticias, proyectos y novedades de Embayo en estructuras met\u00e1licas, fabricaci\u00f3n, montajes y sector industrial.","robots":{"index":"index","follow":"follow","max-snippet":"max-snippet:-1","max-image-preview":"max-image-preview:large","max-video-preview":"max-video-preview:-1"},"canonical":"https:\/\/embayo.com\/en\/politica-de-privacidad\/","og_locale":"en_GB","og_type":"article","og_title":"Pol\u00edtica de privacidad - embayo.com","og_description":"\u00daltimas noticias, proyectos y novedades de Embayo en estructuras met\u00e1licas, fabricaci\u00f3n, montajes y sector industrial.","og_url":"https:\/\/embayo.com\/en\/politica-de-privacidad\/","og_site_name":"embayo.com","article_publisher":"https:\/\/www.facebook.com\/BAYOestructuras","article_modified_time":"2026-02-17T15:27:04+00:00","twitter_card":"summary_large_image","twitter_misc":{"Estimated reading time":"2 minutes"},"schema":{"@context":"https:\/\/schema.org","@graph":[{"@type":"WebPage","@id":"https:\/\/embayo.com\/politica-de-privacidad\/","url":"https:\/\/embayo.com\/politica-de-privacidad\/","name":"Pol\u00edtica de privacidad - embayo.com","isPartOf":{"@id":"https:\/\/embayo.com\/#website"},"datePublished":"2026-02-17T14:11:31+00:00","dateModified":"2026-02-17T15:27:04+00:00","description":"\u00daltimas noticias, proyectos y novedades de Embayo en estructuras met\u00e1licas, fabricaci\u00f3n, montajes y sector industrial.","breadcrumb":{"@id":"https:\/\/embayo.com\/politica-de-privacidad\/#breadcrumb"},"inLanguage":"en-GB","potentialAction":[{"@type":"ReadAction","target":["https:\/\/embayo.com\/politica-de-privacidad\/"]}]},{"@type":"BreadcrumbList","@id":"https:\/\/embayo.com\/politica-de-privacidad\/#breadcrumb","itemListElement":[{"@type":"ListItem","position":1,"name":"Portada","item":"https:\/\/embayo.com\/"},{"@type":"ListItem","position":2,"name":"Pol\u00edtica de privacidad"}]},{"@type":"WebSite","@id":"https:\/\/embayo.com\/#website","url":"https:\/\/embayo.com\/","name":"embayo.com","description":"BAYO es fabricante y montador de estructuras met\u00e1licas industriales y comerciales en Espa\u00f1a, ofreciendo soluciones personalizadas y de alta calidad para sectores como alimentario y retail.","publisher":{"@id":"https:\/\/embayo.com\/#organization"},"potentialAction":[{"@type":"SearchAction","target":{"@type":"EntryPoint","urlTemplate":"https:\/\/embayo.com\/?s={search_term_string}"},"query-input":{"@type":"PropertyValueSpecification","valueRequired":true,"valueName":"search_term_string"}}],"inLanguage":"en-GB"},{"@type":"Organization","@id":"https:\/\/embayo.com\/#organization","name":"Estructuras Met\u00e1licas Bayo S.L.","url":"https:\/\/embayo.com\/","logo":{"@type":"ImageObject","inLanguage":"en-GB","@id":"https:\/\/embayo.com\/#\/schema\/logo\/image\/","url":"https:\/\/embayo.com\/wp-content\/uploads\/2025\/11\/logo_bayo_2025_2.svg","contentUrl":"https:\/\/embayo.com\/wp-content\/uploads\/2025\/11\/logo_bayo_2025_2.svg","width":229,"height":95,"caption":"Estructuras Met\u00e1licas Bayo S.L."},"image":{"@id":"https:\/\/embayo.com\/#\/schema\/logo\/image\/"},"sameAs":["https:\/\/www.facebook.com\/BAYOestructuras","https:\/\/www.linkedin.com\/company\/estructuras-metlicas-bayo-s-l","https:\/\/www.instagram.com\/bayoestructurasmetalicas"]}]}},"_links":{"self":[{"href":"https:\/\/embayo.com\/en\/wp-json\/wp\/v2\/pages\/2112","targetHints":{"allow":["GET"]}}],"collection":[{"href":"https:\/\/embayo.com\/en\/wp-json\/wp\/v2\/pages"}],"about":[{"href":"https:\/\/embayo.com\/en\/wp-json\/wp\/v2\/types\/page"}],"author":[{"embeddable":true,"href":"https:\/\/embayo.com\/en\/wp-json\/wp\/v2\/users\/2"}],"replies":[{"embeddable":true,"href":"https:\/\/embayo.com\/en\/wp-json\/wp\/v2\/comments?post=2112"}],"version-history":[{"count":11,"href":"https:\/\/embayo.com\/en\/wp-json\/wp\/v2\/pages\/2112\/revisions"}],"predecessor-version":[{"id":2139,"href":"https:\/\/embayo.com\/en\/wp-json\/wp\/v2\/pages\/2112\/revisions\/2139"}],"wp:attachment":[{"href":"https:\/\/embayo.com\/en\/wp-json\/wp\/v2\/media?parent=2112"}],"wp:term":[{"taxonomy":"folder","embeddable":true,"href":"https:\/\/embayo.com\/en\/wp-json\/wp\/v2\/folder?post=2112"}],"curies":[{"name":"wp","href":"https:\/\/api.w.org\/{rel}","templated":true}]}}